{"id":26597,"date":"2023-12-25T11:27:17","date_gmt":"2023-12-25T08:27:17","guid":{"rendered":"https:\/\/kandilistanbul.com\/?post_type=product&#038;p=26597"},"modified":"2023-12-25T11:30:49","modified_gmt":"2023-12-25T08:30:49","slug":"zigzag-mum-serisi-2","status":"publish","type":"product","link":"https:\/\/kandilistanbul.com\/tr\/shop\/zigzag-mum-serisi-2\/","title":{"rendered":"Zigzag Mum Serisi"},"content":{"rendered":"","protected":false},"excerpt":{"rendered":"<p>\u015e\u0131k tasar\u0131ml\u0131 , cam kapta esansl\u0131, birinci s\u0131n\u0131f el dolumu yap\u0131lm\u0131\u015f l\u00fcks mum<\/p>\n","protected":false},"featured_media":17456,"comment_status":"open","ping_status":"closed","template":"","meta":[],"product_cat":[252,304],"product_tag":[],"aioseo_notices":[],"_links":{"self":[{"href":"https:\/\/kandilistanbul.com\/tr\/wp-json\/wp\/v2\/product\/26597"}],"collection":[{"href":"https:\/\/kandilistanbul.com\/tr\/wp-json\/wp\/v2\/product"}],"about":[{"href":"https:\/\/kandilistanbul.com\/tr\/wp-json\/wp\/v2\/types\/product"}],"replies":[{"embeddable":true,"href":"https:\/\/kandilistanbul.com\/tr\/wp-json\/wp\/v2\/comments?post=26597"}],"version-history":[{"count":2,"href":"https:\/\/kandilistanbul.com\/tr\/wp-json\/wp\/v2\/product\/26597\/revisions"}],"predecessor-version":[{"id":26624,"href":"https:\/\/kandilistanbul.com\/tr\/wp-json\/wp\/v2\/product\/26597\/revisions\/26624"}],"wp:featuredmedia":[{"embeddable":true,"href":"https:\/\/kandilistanbul.com\/tr\/wp-json\/wp\/v2\/media\/17456"}],"wp:attachment":[{"href":"https:\/\/kandilistanbul.com\/tr\/wp-json\/wp\/v2\/media?parent=26597"}],"wp:term":[{"taxonomy":"product_cat","embeddable":true,"href":"https:\/\/kandilistanbul.com\/tr\/wp-json\/wp\/v2\/product_cat?post=26597"},{"taxonomy":"product_tag","embeddable":true,"href":"https:\/\/kandilistanbul.com\/tr\/wp-json\/wp\/v2\/product_tag?post=26597"}],"curies":[{"name":"wp","href":"https:\/\/api.w.org\/{rel}","templated":true}]}}