{"id":26529,"date":"2023-12-25T11:22:21","date_gmt":"2023-12-25T08:22:21","guid":{"rendered":"https:\/\/kandilistanbul.com\/?post_type=product&#038;p=26529"},"modified":"2023-12-25T11:24:21","modified_gmt":"2023-12-25T08:24:21","slug":"zigzag-mum-serisi","status":"publish","type":"product","link":"https:\/\/kandilistanbul.com\/tr\/shop\/zigzag-mum-serisi\/","title":{"rendered":"Zigzag Mum Serisi"},"content":{"rendered":"","protected":false},"excerpt":{"rendered":"<p>\u015e\u0131k tasar\u0131ml\u0131 , cam kapta esansl\u0131, birinci s\u0131n\u0131f el dolumu yap\u0131lm\u0131\u015f l\u00fcks mum<\/p>\n","protected":false},"featured_media":17651,"comment_status":"open","ping_status":"closed","template":"","meta":[],"product_cat":[252,304],"product_tag":[],"aioseo_notices":[],"_links":{"self":[{"href":"https:\/\/kandilistanbul.com\/tr\/wp-json\/wp\/v2\/product\/26529"}],"collection":[{"href":"https:\/\/kandilistanbul.com\/tr\/wp-json\/wp\/v2\/product"}],"about":[{"href":"https:\/\/kandilistanbul.com\/tr\/wp-json\/wp\/v2\/types\/product"}],"replies":[{"embeddable":true,"href":"https:\/\/kandilistanbul.com\/tr\/wp-json\/wp\/v2\/comments?post=26529"}],"version-history":[{"count":2,"href":"https:\/\/kandilistanbul.com\/tr\/wp-json\/wp\/v2\/product\/26529\/revisions"}],"predecessor-version":[{"id":26556,"href":"https:\/\/kandilistanbul.com\/tr\/wp-json\/wp\/v2\/product\/26529\/revisions\/26556"}],"wp:featuredmedia":[{"embeddable":true,"href":"https:\/\/kandilistanbul.com\/tr\/wp-json\/wp\/v2\/media\/17651"}],"wp:attachment":[{"href":"https:\/\/kandilistanbul.com\/tr\/wp-json\/wp\/v2\/media?parent=26529"}],"wp:term":[{"taxonomy":"product_cat","embeddable":true,"href":"https:\/\/kandilistanbul.com\/tr\/wp-json\/wp\/v2\/product_cat?post=26529"},{"taxonomy":"product_tag","embeddable":true,"href":"https:\/\/kandilistanbul.com\/tr\/wp-json\/wp\/v2\/product_tag?post=26529"}],"curies":[{"name":"wp","href":"https:\/\/api.w.org\/{rel}","templated":true}]}}