{"id":26487,"date":"2023-12-25T11:03:40","date_gmt":"2023-12-25T08:03:40","guid":{"rendered":"https:\/\/kandilistanbul.com\/?post_type=product&#038;p=26487"},"modified":"2023-12-25T11:07:48","modified_gmt":"2023-12-25T08:07:48","slug":"zigzag-mum-serisi-9","status":"publish","type":"product","link":"https:\/\/kandilistanbul.com\/tr\/shop\/zigzag-mum-serisi-9\/","title":{"rendered":"Zigzag Mum Serisi"},"content":{"rendered":"","protected":false},"excerpt":{"rendered":"<p>\u015e\u0131k tasar\u0131ml\u0131 , cam kapta esansl\u0131, birinci s\u0131n\u0131f el dolumu yap\u0131lm\u0131\u015f l\u00fcks mum<\/p>\n","protected":false},"featured_media":17462,"comment_status":"open","ping_status":"closed","template":"","meta":[],"product_cat":[252,304],"product_tag":[],"aioseo_notices":[],"_links":{"self":[{"href":"https:\/\/kandilistanbul.com\/tr\/wp-json\/wp\/v2\/product\/26487"}],"collection":[{"href":"https:\/\/kandilistanbul.com\/tr\/wp-json\/wp\/v2\/product"}],"about":[{"href":"https:\/\/kandilistanbul.com\/tr\/wp-json\/wp\/v2\/types\/product"}],"replies":[{"embeddable":true,"href":"https:\/\/kandilistanbul.com\/tr\/wp-json\/wp\/v2\/comments?post=26487"}],"version-history":[{"count":2,"href":"https:\/\/kandilistanbul.com\/tr\/wp-json\/wp\/v2\/product\/26487\/revisions"}],"predecessor-version":[{"id":26514,"href":"https:\/\/kandilistanbul.com\/tr\/wp-json\/wp\/v2\/product\/26487\/revisions\/26514"}],"wp:featuredmedia":[{"embeddable":true,"href":"https:\/\/kandilistanbul.com\/tr\/wp-json\/wp\/v2\/media\/17462"}],"wp:attachment":[{"href":"https:\/\/kandilistanbul.com\/tr\/wp-json\/wp\/v2\/media?parent=26487"}],"wp:term":[{"taxonomy":"product_cat","embeddable":true,"href":"https:\/\/kandilistanbul.com\/tr\/wp-json\/wp\/v2\/product_cat?post=26487"},{"taxonomy":"product_tag","embeddable":true,"href":"https:\/\/kandilistanbul.com\/tr\/wp-json\/wp\/v2\/product_tag?post=26487"}],"curies":[{"name":"wp","href":"https:\/\/api.w.org\/{rel}","templated":true}]}}