{"id":22810,"date":"2023-12-26T10:50:13","date_gmt":"2023-12-26T07:50:13","guid":{"rendered":"https:\/\/kandilistanbul.com\/?post_type=product&#038;p=22810"},"modified":"2024-01-04T12:04:26","modified_gmt":"2024-01-04T09:04:26","slug":"kumas-giydirilmis-cubuklu-oda-kokulari-serisi-4","status":"publish","type":"product","link":"https:\/\/kandilistanbul.com\/tr\/shop\/kumas-giydirilmis-cubuklu-oda-kokulari-serisi-4\/","title":{"rendered":"Kuma\u015f Giydirilmi\u015f \u00c7ubuklu Oda Kokular\u0131 Serisi"},"content":{"rendered":"","protected":false},"excerpt":{"rendered":"<p>Mumunuzla uyumlu , \u015f\u0131k tasar\u0131ml\u0131 cam kapta e\u015fsiz kokular\u0131 yayacag\u0131 bambu \u00e7ubuklar\u0131 ile beraber \u015fi\u015fe formunda oda kokusu.<\/p>\n","protected":false},"featured_media":17571,"comment_status":"open","ping_status":"closed","template":"","meta":[],"product_cat":[309,313],"product_tag":[],"aioseo_notices":[],"_links":{"self":[{"href":"https:\/\/kandilistanbul.com\/tr\/wp-json\/wp\/v2\/product\/22810"}],"collection":[{"href":"https:\/\/kandilistanbul.com\/tr\/wp-json\/wp\/v2\/product"}],"about":[{"href":"https:\/\/kandilistanbul.com\/tr\/wp-json\/wp\/v2\/types\/product"}],"replies":[{"embeddable":true,"href":"https:\/\/kandilistanbul.com\/tr\/wp-json\/wp\/v2\/comments?post=22810"}],"version-history":[{"count":3,"href":"https:\/\/kandilistanbul.com\/tr\/wp-json\/wp\/v2\/product\/22810\/revisions"}],"predecessor-version":[{"id":27794,"href":"https:\/\/kandilistanbul.com\/tr\/wp-json\/wp\/v2\/product\/22810\/revisions\/27794"}],"wp:featuredmedia":[{"embeddable":true,"href":"https:\/\/kandilistanbul.com\/tr\/wp-json\/wp\/v2\/media\/17571"}],"wp:attachment":[{"href":"https:\/\/kandilistanbul.com\/tr\/wp-json\/wp\/v2\/media?parent=22810"}],"wp:term":[{"taxonomy":"product_cat","embeddable":true,"href":"https:\/\/kandilistanbul.com\/tr\/wp-json\/wp\/v2\/product_cat?post=22810"},{"taxonomy":"product_tag","embeddable":true,"href":"https:\/\/kandilistanbul.com\/tr\/wp-json\/wp\/v2\/product_tag?post=22810"}],"curies":[{"name":"wp","href":"https:\/\/api.w.org\/{rel}","templated":true}]}}