{"id":20541,"date":"2023-08-15T10:57:39","date_gmt":"2023-08-15T07:57:39","guid":{"rendered":"https:\/\/kandilistanbul.com\/shop\/kategorilenmemis\/yunlu-mum-serisi\/"},"modified":"2023-12-26T19:50:39","modified_gmt":"2023-12-26T16:50:39","slug":"yunlu-mum-serisi","status":"publish","type":"product","link":"https:\/\/kandilistanbul.com\/tr\/shop\/yunlu-mum-serisi\/","title":{"rendered":"Y\u00fcnl\u00fc Mum Serisi"},"content":{"rendered":"<p><img fetchpriority=\"high\" decoding=\"async\" class=\"alignnone wp-image-12083 size-full\" src=\"https:\/\/kandilistanbul.com\/wp-content\/uploads\/2023\/08\/KandilIstanbul_0220.jpg\" alt=\"\" width=\"800\" height=\"533\" srcset=\"https:\/\/kandilistanbul.com\/wp-content\/uploads\/2023\/08\/KandilIstanbul_0220.jpg 800w, https:\/\/kandilistanbul.com\/wp-content\/uploads\/2023\/08\/KandilIstanbul_0220-400x267.jpg 400w, https:\/\/kandilistanbul.com\/wp-content\/uploads\/2023\/08\/KandilIstanbul_0220-768x512.jpg 768w, https:\/\/kandilistanbul.com\/wp-content\/uploads\/2023\/08\/KandilIstanbul_0220-430x286.jpg 430w, https:\/\/kandilistanbul.com\/wp-content\/uploads\/2023\/08\/KandilIstanbul_0220-700x466.jpg 700w, https:\/\/kandilistanbul.com\/wp-content\/uploads\/2023\/08\/KandilIstanbul_0220-150x100.jpg 150w\" sizes=\"(max-width: 800px) 100vw, 800px\" \/><\/p>\n","protected":false},"excerpt":{"rendered":"<p>\u015e\u0131k tasar\u0131ml\u0131 , cam kapta esansl\u0131, birinci s\u0131n\u0131f el dolumu yap\u0131lm\u0131\u015f l\u00fcks mum<\/p>\n","protected":false},"featured_media":17478,"comment_status":"open","ping_status":"closed","template":"","meta":[],"product_cat":[252,415,304],"product_tag":[],"aioseo_notices":[],"_links":{"self":[{"href":"https:\/\/kandilistanbul.com\/tr\/wp-json\/wp\/v2\/product\/20541"}],"collection":[{"href":"https:\/\/kandilistanbul.com\/tr\/wp-json\/wp\/v2\/product"}],"about":[{"href":"https:\/\/kandilistanbul.com\/tr\/wp-json\/wp\/v2\/types\/product"}],"replies":[{"embeddable":true,"href":"https:\/\/kandilistanbul.com\/tr\/wp-json\/wp\/v2\/comments?post=20541"}],"version-history":[{"count":1,"href":"https:\/\/kandilistanbul.com\/tr\/wp-json\/wp\/v2\/product\/20541\/revisions"}],"predecessor-version":[{"id":27526,"href":"https:\/\/kandilistanbul.com\/tr\/wp-json\/wp\/v2\/product\/20541\/revisions\/27526"}],"wp:featuredmedia":[{"embeddable":true,"href":"https:\/\/kandilistanbul.com\/tr\/wp-json\/wp\/v2\/media\/17478"}],"wp:attachment":[{"href":"https:\/\/kandilistanbul.com\/tr\/wp-json\/wp\/v2\/media?parent=20541"}],"wp:term":[{"taxonomy":"product_cat","embeddable":true,"href":"https:\/\/kandilistanbul.com\/tr\/wp-json\/wp\/v2\/product_cat?post=20541"},{"taxonomy":"product_tag","embeddable":true,"href":"https:\/\/kandilistanbul.com\/tr\/wp-json\/wp\/v2\/product_tag?post=20541"}],"curies":[{"name":"wp","href":"https:\/\/api.w.org\/{rel}","templated":true}]}}