{"id":20472,"date":"2023-09-07T09:23:41","date_gmt":"2023-09-07T06:23:41","guid":{"rendered":"https:\/\/kandilistanbul.com\/shop\/kategorilenmemis\/lyra-mum-serisi-2\/"},"modified":"2023-12-25T15:30:50","modified_gmt":"2023-12-25T12:30:50","slug":"lyra-mum-serisi-2","status":"publish","type":"product","link":"https:\/\/kandilistanbul.com\/tr\/shop\/lyra-mum-serisi-2\/","title":{"rendered":"Lyra Mum Serisi"},"content":{"rendered":"","protected":false},"excerpt":{"rendered":"<p>\u015e\u0131k tasar\u0131ml\u0131 , cam kapta esansl\u0131, birinci s\u0131n\u0131f el dolumu yap\u0131lm\u0131\u015f l\u00fcks mum<\/p>\n","protected":false},"featured_media":17600,"comment_status":"open","ping_status":"closed","template":"","meta":[],"product_cat":[252,304],"product_tag":[],"aioseo_notices":[],"_links":{"self":[{"href":"https:\/\/kandilistanbul.com\/tr\/wp-json\/wp\/v2\/product\/20472"}],"collection":[{"href":"https:\/\/kandilistanbul.com\/tr\/wp-json\/wp\/v2\/product"}],"about":[{"href":"https:\/\/kandilistanbul.com\/tr\/wp-json\/wp\/v2\/types\/product"}],"replies":[{"embeddable":true,"href":"https:\/\/kandilistanbul.com\/tr\/wp-json\/wp\/v2\/comments?post=20472"}],"version-history":[{"count":1,"href":"https:\/\/kandilistanbul.com\/tr\/wp-json\/wp\/v2\/product\/20472\/revisions"}],"predecessor-version":[{"id":27132,"href":"https:\/\/kandilistanbul.com\/tr\/wp-json\/wp\/v2\/product\/20472\/revisions\/27132"}],"wp:featuredmedia":[{"embeddable":true,"href":"https:\/\/kandilistanbul.com\/tr\/wp-json\/wp\/v2\/media\/17600"}],"wp:attachment":[{"href":"https:\/\/kandilistanbul.com\/tr\/wp-json\/wp\/v2\/media?parent=20472"}],"wp:term":[{"taxonomy":"product_cat","embeddable":true,"href":"https:\/\/kandilistanbul.com\/tr\/wp-json\/wp\/v2\/product_cat?post=20472"},{"taxonomy":"product_tag","embeddable":true,"href":"https:\/\/kandilistanbul.com\/tr\/wp-json\/wp\/v2\/product_tag?post=20472"}],"curies":[{"name":"wp","href":"https:\/\/api.w.org\/{rel}","templated":true}]}}