{"id":20351,"date":"2023-12-26T10:34:08","date_gmt":"2023-12-26T07:34:08","guid":{"rendered":"https:\/\/kandilistanbul.com\/shop\/kategorilenmemis\/kumas-giydirmeli-mum-serisi-vazo-15\/"},"modified":"2023-12-23T12:10:19","modified_gmt":"2023-12-23T09:10:19","slug":"kumas-giydirmeli-mum-serisi-vazo-15","status":"publish","type":"product","link":"https:\/\/kandilistanbul.com\/tr\/shop\/kumas-giydirmeli-mum-serisi-vazo-15\/","title":{"rendered":"Kuma\u015f Giydirmeli Mum Serisi Vazo"},"content":{"rendered":"","protected":false},"excerpt":{"rendered":"<p>\u015e\u0131k tasar\u0131ml\u0131 , cam kapta esansl\u0131, birinci s\u0131n\u0131f el dolumu yap\u0131lm\u0131\u015f l\u00fcks mum<\/p>\n","protected":false},"featured_media":17541,"comment_status":"open","ping_status":"closed","template":"","meta":[],"product_cat":[72,73],"product_tag":[],"aioseo_notices":[],"_links":{"self":[{"href":"https:\/\/kandilistanbul.com\/tr\/wp-json\/wp\/v2\/product\/20351"}],"collection":[{"href":"https:\/\/kandilistanbul.com\/tr\/wp-json\/wp\/v2\/product"}],"about":[{"href":"https:\/\/kandilistanbul.com\/tr\/wp-json\/wp\/v2\/types\/product"}],"replies":[{"embeddable":true,"href":"https:\/\/kandilistanbul.com\/tr\/wp-json\/wp\/v2\/comments?post=20351"}],"version-history":[{"count":1,"href":"https:\/\/kandilistanbul.com\/tr\/wp-json\/wp\/v2\/product\/20351\/revisions"}],"predecessor-version":[{"id":24087,"href":"https:\/\/kandilistanbul.com\/tr\/wp-json\/wp\/v2\/product\/20351\/revisions\/24087"}],"wp:featuredmedia":[{"embeddable":true,"href":"https:\/\/kandilistanbul.com\/tr\/wp-json\/wp\/v2\/media\/17541"}],"wp:attachment":[{"href":"https:\/\/kandilistanbul.com\/tr\/wp-json\/wp\/v2\/media?parent=20351"}],"wp:term":[{"taxonomy":"product_cat","embeddable":true,"href":"https:\/\/kandilistanbul.com\/tr\/wp-json\/wp\/v2\/product_cat?post=20351"},{"taxonomy":"product_tag","embeddable":true,"href":"https:\/\/kandilistanbul.com\/tr\/wp-json\/wp\/v2\/product_tag?post=20351"}],"curies":[{"name":"wp","href":"https:\/\/api.w.org\/{rel}","templated":true}]}}