{"id":18832,"date":"2023-11-05T07:10:11","date_gmt":"2023-11-05T04:10:11","guid":{"rendered":"https:\/\/kandilistanbul.com\/shop\/kategorilenmemis\/kristal-kesim-difuzor-serisi-vazo-3\/"},"modified":"2023-12-25T15:29:09","modified_gmt":"2023-12-25T12:29:09","slug":"kristal-kesim-difuzor-serisi-vazo-3","status":"publish","type":"product","link":"https:\/\/kandilistanbul.com\/tr\/shop\/kristal-kesim-difuzor-serisi-vazo-3\/","title":{"rendered":"Kristal Kesim Oda Kokular\u0131 Serisi"},"content":{"rendered":"","protected":false},"excerpt":{"rendered":"<p>Mumunuzla uyumlu , \u015f\u0131k tasar\u0131ml\u0131 cam kapta e\u015fsiz kokular\u0131 yayacag\u0131 bambu \u00e7ubuklar\u0131 ile beraber \u015fi\u015fe formunda oda kokusu.<\/p>\n","protected":false},"featured_media":17583,"comment_status":"open","ping_status":"closed","template":"","meta":[],"product_cat":[309,311],"product_tag":[],"aioseo_notices":[],"_links":{"self":[{"href":"https:\/\/kandilistanbul.com\/tr\/wp-json\/wp\/v2\/product\/18832"}],"collection":[{"href":"https:\/\/kandilistanbul.com\/tr\/wp-json\/wp\/v2\/product"}],"about":[{"href":"https:\/\/kandilistanbul.com\/tr\/wp-json\/wp\/v2\/types\/product"}],"replies":[{"embeddable":true,"href":"https:\/\/kandilistanbul.com\/tr\/wp-json\/wp\/v2\/comments?post=18832"}],"version-history":[{"count":3,"href":"https:\/\/kandilistanbul.com\/tr\/wp-json\/wp\/v2\/product\/18832\/revisions"}],"predecessor-version":[{"id":27131,"href":"https:\/\/kandilistanbul.com\/tr\/wp-json\/wp\/v2\/product\/18832\/revisions\/27131"}],"wp:featuredmedia":[{"embeddable":true,"href":"https:\/\/kandilistanbul.com\/tr\/wp-json\/wp\/v2\/media\/17583"}],"wp:attachment":[{"href":"https:\/\/kandilistanbul.com\/tr\/wp-json\/wp\/v2\/media?parent=18832"}],"wp:term":[{"taxonomy":"product_cat","embeddable":true,"href":"https:\/\/kandilistanbul.com\/tr\/wp-json\/wp\/v2\/product_cat?post=18832"},{"taxonomy":"product_tag","embeddable":true,"href":"https:\/\/kandilistanbul.com\/tr\/wp-json\/wp\/v2\/product_tag?post=18832"}],"curies":[{"name":"wp","href":"https:\/\/api.w.org\/{rel}","templated":true}]}}