{"id":18743,"date":"2023-11-05T10:38:48","date_gmt":"2023-11-05T07:38:48","guid":{"rendered":"https:\/\/kandilistanbul.com\/shop\/kategorilenmemis\/kristal-kesimli-mum-serisi-vazo-3\/"},"modified":"2023-12-26T19:19:30","modified_gmt":"2023-12-26T16:19:30","slug":"kristal-kesimli-mum-serisi-vazo-3","status":"publish","type":"product","link":"https:\/\/kandilistanbul.com\/tr\/shop\/kristal-kesimli-mum-serisi-vazo-3\/","title":{"rendered":"Kristal Kesimli Mum Serisi Vazo"},"content":{"rendered":"","protected":false},"excerpt":{"rendered":"<p>\u015e\u0131k tasar\u0131ml\u0131 , cam kapta esansl\u0131, birinci s\u0131n\u0131f el dolumu yap\u0131lm\u0131\u015f l\u00fcks mum<\/p>\n","protected":false},"featured_media":17587,"comment_status":"open","ping_status":"closed","template":"","meta":[],"product_cat":[295,252],"product_tag":[],"aioseo_notices":[],"_links":{"self":[{"href":"https:\/\/kandilistanbul.com\/tr\/wp-json\/wp\/v2\/product\/18743"}],"collection":[{"href":"https:\/\/kandilistanbul.com\/tr\/wp-json\/wp\/v2\/product"}],"about":[{"href":"https:\/\/kandilistanbul.com\/tr\/wp-json\/wp\/v2\/types\/product"}],"replies":[{"embeddable":true,"href":"https:\/\/kandilistanbul.com\/tr\/wp-json\/wp\/v2\/comments?post=18743"}],"version-history":[{"count":4,"href":"https:\/\/kandilistanbul.com\/tr\/wp-json\/wp\/v2\/product\/18743\/revisions"}],"predecessor-version":[{"id":27524,"href":"https:\/\/kandilistanbul.com\/tr\/wp-json\/wp\/v2\/product\/18743\/revisions\/27524"}],"wp:featuredmedia":[{"embeddable":true,"href":"https:\/\/kandilistanbul.com\/tr\/wp-json\/wp\/v2\/media\/17587"}],"wp:attachment":[{"href":"https:\/\/kandilistanbul.com\/tr\/wp-json\/wp\/v2\/media?parent=18743"}],"wp:term":[{"taxonomy":"product_cat","embeddable":true,"href":"https:\/\/kandilistanbul.com\/tr\/wp-json\/wp\/v2\/product_cat?post=18743"},{"taxonomy":"product_tag","embeddable":true,"href":"https:\/\/kandilistanbul.com\/tr\/wp-json\/wp\/v2\/product_tag?post=18743"}],"curies":[{"name":"wp","href":"https:\/\/api.w.org\/{rel}","templated":true}]}}