{"id":18709,"date":"2023-11-05T10:59:08","date_gmt":"2023-11-05T07:59:08","guid":{"rendered":"https:\/\/kandilistanbul.com\/shop\/kategorilenmemis\/kristal-kesimli-mum-serisi-vazo-2\/"},"modified":"2023-12-25T15:16:16","modified_gmt":"2023-12-25T12:16:16","slug":"kristal-kesimli-mum-serisi-vazo-2","status":"publish","type":"product","link":"https:\/\/kandilistanbul.com\/tr\/shop\/kristal-kesimli-mum-serisi-vazo-2\/","title":{"rendered":"Kristal Kesimli Mum Serisi Vazo"},"content":{"rendered":"","protected":false},"excerpt":{"rendered":"<p>\u015e\u0131k tasar\u0131ml\u0131 , cam kapta esansl\u0131, birinci s\u0131n\u0131f el dolumu yap\u0131lm\u0131\u015f l\u00fcks mum<\/p>\n","protected":false},"featured_media":17584,"comment_status":"open","ping_status":"closed","template":"","meta":[],"product_cat":[72,85],"product_tag":[],"aioseo_notices":[],"_links":{"self":[{"href":"https:\/\/kandilistanbul.com\/tr\/wp-json\/wp\/v2\/product\/18709"}],"collection":[{"href":"https:\/\/kandilistanbul.com\/tr\/wp-json\/wp\/v2\/product"}],"about":[{"href":"https:\/\/kandilistanbul.com\/tr\/wp-json\/wp\/v2\/types\/product"}],"replies":[{"embeddable":true,"href":"https:\/\/kandilistanbul.com\/tr\/wp-json\/wp\/v2\/comments?post=18709"}],"version-history":[{"count":1,"href":"https:\/\/kandilistanbul.com\/tr\/wp-json\/wp\/v2\/product\/18709\/revisions"}],"predecessor-version":[{"id":27124,"href":"https:\/\/kandilistanbul.com\/tr\/wp-json\/wp\/v2\/product\/18709\/revisions\/27124"}],"wp:featuredmedia":[{"embeddable":true,"href":"https:\/\/kandilistanbul.com\/tr\/wp-json\/wp\/v2\/media\/17584"}],"wp:attachment":[{"href":"https:\/\/kandilistanbul.com\/tr\/wp-json\/wp\/v2\/media?parent=18709"}],"wp:term":[{"taxonomy":"product_cat","embeddable":true,"href":"https:\/\/kandilistanbul.com\/tr\/wp-json\/wp\/v2\/product_cat?post=18709"},{"taxonomy":"product_tag","embeddable":true,"href":"https:\/\/kandilistanbul.com\/tr\/wp-json\/wp\/v2\/product_tag?post=18709"}],"curies":[{"name":"wp","href":"https:\/\/api.w.org\/{rel}","templated":true}]}}