{"id":18680,"date":"2023-11-05T09:10:14","date_gmt":"2023-11-05T06:10:14","guid":{"rendered":"https:\/\/kandilistanbul.com\/shop\/kategorilenmemis\/kristal-kesim-difuzor-serisi-vazo\/"},"modified":"2023-12-25T15:28:10","modified_gmt":"2023-12-25T12:28:10","slug":"kristal-kesim-difuzor-serisi-vazo","status":"publish","type":"product","link":"https:\/\/kandilistanbul.com\/tr\/shop\/kristal-kesim-difuzor-serisi-vazo\/","title":{"rendered":"Kristal Kesim Oda Kokular\u0131 Serisi"},"content":{"rendered":"","protected":false},"excerpt":{"rendered":"<p>Mumunuzla uyumlu , \u015f\u0131k tasar\u0131ml\u0131 cam kapta e\u015fsiz kokular\u0131 yayacag\u0131 bambu \u00e7ubuklar\u0131 ile beraber \u015fi\u015fe formunda oda kokusu.<\/p>\n","protected":false},"featured_media":17585,"comment_status":"open","ping_status":"closed","template":"","meta":[],"product_cat":[309,311],"product_tag":[],"aioseo_notices":[],"_links":{"self":[{"href":"https:\/\/kandilistanbul.com\/tr\/wp-json\/wp\/v2\/product\/18680"}],"collection":[{"href":"https:\/\/kandilistanbul.com\/tr\/wp-json\/wp\/v2\/product"}],"about":[{"href":"https:\/\/kandilistanbul.com\/tr\/wp-json\/wp\/v2\/types\/product"}],"replies":[{"embeddable":true,"href":"https:\/\/kandilistanbul.com\/tr\/wp-json\/wp\/v2\/comments?post=18680"}],"version-history":[{"count":2,"href":"https:\/\/kandilistanbul.com\/tr\/wp-json\/wp\/v2\/product\/18680\/revisions"}],"predecessor-version":[{"id":21576,"href":"https:\/\/kandilistanbul.com\/tr\/wp-json\/wp\/v2\/product\/18680\/revisions\/21576"}],"wp:featuredmedia":[{"embeddable":true,"href":"https:\/\/kandilistanbul.com\/tr\/wp-json\/wp\/v2\/media\/17585"}],"wp:attachment":[{"href":"https:\/\/kandilistanbul.com\/tr\/wp-json\/wp\/v2\/media?parent=18680"}],"wp:term":[{"taxonomy":"product_cat","embeddable":true,"href":"https:\/\/kandilistanbul.com\/tr\/wp-json\/wp\/v2\/product_cat?post=18680"},{"taxonomy":"product_tag","embeddable":true,"href":"https:\/\/kandilistanbul.com\/tr\/wp-json\/wp\/v2\/product_tag?post=18680"}],"curies":[{"name":"wp","href":"https:\/\/api.w.org\/{rel}","templated":true}]}}