{"id":18624,"date":"2023-11-06T14:45:26","date_gmt":"2023-11-06T11:45:26","guid":{"rendered":"https:\/\/kandilistanbul.com\/shop\/kategorilenmemis\/cam-difuzor-vazo-serisi-2\/"},"modified":"2023-12-25T15:01:47","modified_gmt":"2023-12-25T12:01:47","slug":"cam-difuzor-vazo-serisi-2","status":"publish","type":"product","link":"https:\/\/kandilistanbul.com\/tr\/shop\/cam-difuzor-vazo-serisi-2\/","title":{"rendered":"Cam Vazo Oda Kokular\u0131 Serisi"},"content":{"rendered":"","protected":false},"excerpt":{"rendered":"<p>Mumunuzla uyumlu , \u015f\u0131k tasar\u0131ml\u0131 cam kapta e\u015fsiz kokular\u0131 yayacag\u0131 bambu \u00e7ubuklar\u0131 ile beraber \u015fi\u015fe formunda oda kokusu.<\/p>\n","protected":false},"featured_media":17525,"comment_status":"open","ping_status":"closed","template":"","meta":[],"product_cat":[309,312],"product_tag":[],"aioseo_notices":[],"_links":{"self":[{"href":"https:\/\/kandilistanbul.com\/tr\/wp-json\/wp\/v2\/product\/18624"}],"collection":[{"href":"https:\/\/kandilistanbul.com\/tr\/wp-json\/wp\/v2\/product"}],"about":[{"href":"https:\/\/kandilistanbul.com\/tr\/wp-json\/wp\/v2\/types\/product"}],"replies":[{"embeddable":true,"href":"https:\/\/kandilistanbul.com\/tr\/wp-json\/wp\/v2\/comments?post=18624"}],"version-history":[{"count":2,"href":"https:\/\/kandilistanbul.com\/tr\/wp-json\/wp\/v2\/product\/18624\/revisions"}],"predecessor-version":[{"id":27115,"href":"https:\/\/kandilistanbul.com\/tr\/wp-json\/wp\/v2\/product\/18624\/revisions\/27115"}],"wp:featuredmedia":[{"embeddable":true,"href":"https:\/\/kandilistanbul.com\/tr\/wp-json\/wp\/v2\/media\/17525"}],"wp:attachment":[{"href":"https:\/\/kandilistanbul.com\/tr\/wp-json\/wp\/v2\/media?parent=18624"}],"wp:term":[{"taxonomy":"product_cat","embeddable":true,"href":"https:\/\/kandilistanbul.com\/tr\/wp-json\/wp\/v2\/product_cat?post=18624"},{"taxonomy":"product_tag","embeddable":true,"href":"https:\/\/kandilistanbul.com\/tr\/wp-json\/wp\/v2\/product_tag?post=18624"}],"curies":[{"name":"wp","href":"https:\/\/api.w.org\/{rel}","templated":true}]}}