{"id":18277,"date":"2023-11-13T09:04:23","date_gmt":"2023-11-13T06:04:23","guid":{"rendered":"https:\/\/kandilistanbul.com\/shop\/kategorilenmemis\/essential-square-mum-serisi\/"},"modified":"2023-12-24T19:51:24","modified_gmt":"2023-12-24T16:51:24","slug":"essential-square-mum-serisi","status":"publish","type":"product","link":"https:\/\/kandilistanbul.com\/tr\/shop\/essential-square-mum-serisi\/","title":{"rendered":"Minimal Mum Serisi"},"content":{"rendered":"","protected":false},"excerpt":{"rendered":"<p>\u015e\u0131k tasar\u0131ml\u0131 , cam kapta esansl\u0131, birinci s\u0131n\u0131f el dolumu yap\u0131lm\u0131\u015f l\u00fcks mum<\/p>\n","protected":false},"featured_media":17497,"comment_status":"open","ping_status":"closed","template":"","meta":[],"product_cat":[72,92],"product_tag":[],"aioseo_notices":[],"_links":{"self":[{"href":"https:\/\/kandilistanbul.com\/tr\/wp-json\/wp\/v2\/product\/18277"}],"collection":[{"href":"https:\/\/kandilistanbul.com\/tr\/wp-json\/wp\/v2\/product"}],"about":[{"href":"https:\/\/kandilistanbul.com\/tr\/wp-json\/wp\/v2\/types\/product"}],"replies":[{"embeddable":true,"href":"https:\/\/kandilistanbul.com\/tr\/wp-json\/wp\/v2\/comments?post=18277"}],"version-history":[{"count":3,"href":"https:\/\/kandilistanbul.com\/tr\/wp-json\/wp\/v2\/product\/18277\/revisions"}],"predecessor-version":[{"id":26244,"href":"https:\/\/kandilistanbul.com\/tr\/wp-json\/wp\/v2\/product\/18277\/revisions\/26244"}],"wp:featuredmedia":[{"embeddable":true,"href":"https:\/\/kandilistanbul.com\/tr\/wp-json\/wp\/v2\/media\/17497"}],"wp:attachment":[{"href":"https:\/\/kandilistanbul.com\/tr\/wp-json\/wp\/v2\/media?parent=18277"}],"wp:term":[{"taxonomy":"product_cat","embeddable":true,"href":"https:\/\/kandilistanbul.com\/tr\/wp-json\/wp\/v2\/product_cat?post=18277"},{"taxonomy":"product_tag","embeddable":true,"href":"https:\/\/kandilistanbul.com\/tr\/wp-json\/wp\/v2\/product_tag?post=18277"}],"curies":[{"name":"wp","href":"https:\/\/api.w.org\/{rel}","templated":true}]}}