{"id":18119,"date":"2023-11-14T11:26:38","date_gmt":"2023-11-14T08:26:38","guid":{"rendered":"https:\/\/kandilistanbul.com\/shop\/kategorilenmemis\/view-mum-serisi-xl-5\/"},"modified":"2023-12-24T15:50:10","modified_gmt":"2023-12-24T12:50:10","slug":"view-mum-serisi-xl-5","status":"publish","type":"product","link":"https:\/\/kandilistanbul.com\/tr\/shop\/view-mum-serisi-xl-5\/","title":{"rendered":"View Mum Serisi XL"},"content":{"rendered":"","protected":false},"excerpt":{"rendered":"<p>\u015e\u0131k tasar\u0131ml\u0131 , cam kapta esansl\u0131, birinci s\u0131n\u0131f el dolumu yap\u0131lm\u0131\u015f l\u00fcks mum<\/p>\n","protected":false},"featured_media":17438,"comment_status":"open","ping_status":"closed","template":"","meta":[],"product_cat":[252,285],"product_tag":[],"aioseo_notices":[],"_links":{"self":[{"href":"https:\/\/kandilistanbul.com\/tr\/wp-json\/wp\/v2\/product\/18119"}],"collection":[{"href":"https:\/\/kandilistanbul.com\/tr\/wp-json\/wp\/v2\/product"}],"about":[{"href":"https:\/\/kandilistanbul.com\/tr\/wp-json\/wp\/v2\/types\/product"}],"replies":[{"embeddable":true,"href":"https:\/\/kandilistanbul.com\/tr\/wp-json\/wp\/v2\/comments?post=18119"}],"version-history":[{"count":3,"href":"https:\/\/kandilistanbul.com\/tr\/wp-json\/wp\/v2\/product\/18119\/revisions"}],"predecessor-version":[{"id":26206,"href":"https:\/\/kandilistanbul.com\/tr\/wp-json\/wp\/v2\/product\/18119\/revisions\/26206"}],"wp:featuredmedia":[{"embeddable":true,"href":"https:\/\/kandilistanbul.com\/tr\/wp-json\/wp\/v2\/media\/17438"}],"wp:attachment":[{"href":"https:\/\/kandilistanbul.com\/tr\/wp-json\/wp\/v2\/media?parent=18119"}],"wp:term":[{"taxonomy":"product_cat","embeddable":true,"href":"https:\/\/kandilistanbul.com\/tr\/wp-json\/wp\/v2\/product_cat?post=18119"},{"taxonomy":"product_tag","embeddable":true,"href":"https:\/\/kandilistanbul.com\/tr\/wp-json\/wp\/v2\/product_tag?post=18119"}],"curies":[{"name":"wp","href":"https:\/\/api.w.org\/{rel}","templated":true}]}}