{"id":18074,"date":"2023-11-14T12:18:12","date_gmt":"2023-11-14T09:18:12","guid":{"rendered":"https:\/\/kandilistanbul.com\/shop\/kategorilenmemis\/view-mum-serisi-xl-2\/"},"modified":"2023-12-24T13:37:02","modified_gmt":"2023-12-24T10:37:02","slug":"view-mum-serisi-xl-2","status":"publish","type":"product","link":"https:\/\/kandilistanbul.com\/tr\/shop\/view-mum-serisi-xl-2\/","title":{"rendered":"View Mum Serisi XL"},"content":{"rendered":"","protected":false},"excerpt":{"rendered":"<p>\u015e\u0131k tasar\u0131ml\u0131 , cam kapta esansl\u0131, birinci s\u0131n\u0131f el dolumu yap\u0131lm\u0131\u015f l\u00fcks mum<\/p>\n<p>&nbsp;<\/p>\n","protected":false},"featured_media":17445,"comment_status":"open","ping_status":"closed","template":"","meta":[],"product_cat":[252,285],"product_tag":[],"aioseo_notices":[],"_links":{"self":[{"href":"https:\/\/kandilistanbul.com\/tr\/wp-json\/wp\/v2\/product\/18074"}],"collection":[{"href":"https:\/\/kandilistanbul.com\/tr\/wp-json\/wp\/v2\/product"}],"about":[{"href":"https:\/\/kandilistanbul.com\/tr\/wp-json\/wp\/v2\/types\/product"}],"replies":[{"embeddable":true,"href":"https:\/\/kandilistanbul.com\/tr\/wp-json\/wp\/v2\/comments?post=18074"}],"version-history":[{"count":1,"href":"https:\/\/kandilistanbul.com\/tr\/wp-json\/wp\/v2\/product\/18074\/revisions"}],"predecessor-version":[{"id":26216,"href":"https:\/\/kandilistanbul.com\/tr\/wp-json\/wp\/v2\/product\/18074\/revisions\/26216"}],"wp:featuredmedia":[{"embeddable":true,"href":"https:\/\/kandilistanbul.com\/tr\/wp-json\/wp\/v2\/media\/17445"}],"wp:attachment":[{"href":"https:\/\/kandilistanbul.com\/tr\/wp-json\/wp\/v2\/media?parent=18074"}],"wp:term":[{"taxonomy":"product_cat","embeddable":true,"href":"https:\/\/kandilistanbul.com\/tr\/wp-json\/wp\/v2\/product_cat?post=18074"},{"taxonomy":"product_tag","embeddable":true,"href":"https:\/\/kandilistanbul.com\/tr\/wp-json\/wp\/v2\/product_tag?post=18074"}],"curies":[{"name":"wp","href":"https:\/\/api.w.org\/{rel}","templated":true}]}}