{"id":18063,"date":"2023-11-14T12:20:10","date_gmt":"2023-11-14T09:20:10","guid":{"rendered":"https:\/\/kandilistanbul.com\/shop\/kategorilenmemis\/view-mum-serisi-xl\/"},"modified":"2023-12-24T13:56:56","modified_gmt":"2023-12-24T10:56:56","slug":"view-mum-serisi-xl","status":"publish","type":"product","link":"https:\/\/kandilistanbul.com\/tr\/shop\/view-mum-serisi-xl\/","title":{"rendered":"View Mum Serisi XL"},"content":{"rendered":"","protected":false},"excerpt":{"rendered":"<p>\u015e\u0131k tasar\u0131ml\u0131 , cam kapta esansl\u0131, birinci s\u0131n\u0131f el dolumu yap\u0131lm\u0131\u015f l\u00fcks mum<\/p>\n","protected":false},"featured_media":17448,"comment_status":"open","ping_status":"closed","template":"","meta":[],"product_cat":[252,285],"product_tag":[],"aioseo_notices":[],"_links":{"self":[{"href":"https:\/\/kandilistanbul.com\/tr\/wp-json\/wp\/v2\/product\/18063"}],"collection":[{"href":"https:\/\/kandilistanbul.com\/tr\/wp-json\/wp\/v2\/product"}],"about":[{"href":"https:\/\/kandilistanbul.com\/tr\/wp-json\/wp\/v2\/types\/product"}],"replies":[{"embeddable":true,"href":"https:\/\/kandilistanbul.com\/tr\/wp-json\/wp\/v2\/comments?post=18063"}],"version-history":[{"count":1,"href":"https:\/\/kandilistanbul.com\/tr\/wp-json\/wp\/v2\/product\/18063\/revisions"}],"predecessor-version":[{"id":26218,"href":"https:\/\/kandilistanbul.com\/tr\/wp-json\/wp\/v2\/product\/18063\/revisions\/26218"}],"wp:featuredmedia":[{"embeddable":true,"href":"https:\/\/kandilistanbul.com\/tr\/wp-json\/wp\/v2\/media\/17448"}],"wp:attachment":[{"href":"https:\/\/kandilistanbul.com\/tr\/wp-json\/wp\/v2\/media?parent=18063"}],"wp:term":[{"taxonomy":"product_cat","embeddable":true,"href":"https:\/\/kandilistanbul.com\/tr\/wp-json\/wp\/v2\/product_cat?post=18063"},{"taxonomy":"product_tag","embeddable":true,"href":"https:\/\/kandilistanbul.com\/tr\/wp-json\/wp\/v2\/product_tag?post=18063"}],"curies":[{"name":"wp","href":"https:\/\/api.w.org\/{rel}","templated":true}]}}