{"id":17945,"date":"2023-11-16T12:10:08","date_gmt":"2023-11-16T09:10:08","guid":{"rendered":"https:\/\/kandilistanbul.com\/shop\/kategorilenmemis\/hayvan-baskili-mum-serisi-3\/"},"modified":"2023-12-24T12:58:10","modified_gmt":"2023-12-24T09:58:10","slug":"hayvan-baskili-mum-serisi-3","status":"publish","type":"product","link":"https:\/\/kandilistanbul.com\/tr\/shop\/hayvan-baskili-mum-serisi-3\/","title":{"rendered":"Hayvan Desenli Mum Serisi"},"content":{"rendered":"","protected":false},"excerpt":{"rendered":"<p>\u015e\u0131k tasar\u0131ml\u0131 , cam kapta esansl\u0131, birinci s\u0131n\u0131f el dolumu yap\u0131lm\u0131\u015f l\u00fcks mum<\/p>\n","protected":false},"featured_media":17595,"comment_status":"open","ping_status":"closed","template":"","meta":[],"product_cat":[252,253],"product_tag":[],"aioseo_notices":[],"_links":{"self":[{"href":"https:\/\/kandilistanbul.com\/tr\/wp-json\/wp\/v2\/product\/17945"}],"collection":[{"href":"https:\/\/kandilistanbul.com\/tr\/wp-json\/wp\/v2\/product"}],"about":[{"href":"https:\/\/kandilistanbul.com\/tr\/wp-json\/wp\/v2\/types\/product"}],"replies":[{"embeddable":true,"href":"https:\/\/kandilistanbul.com\/tr\/wp-json\/wp\/v2\/comments?post=17945"}],"version-history":[{"count":1,"href":"https:\/\/kandilistanbul.com\/tr\/wp-json\/wp\/v2\/product\/17945\/revisions"}],"predecessor-version":[{"id":26197,"href":"https:\/\/kandilistanbul.com\/tr\/wp-json\/wp\/v2\/product\/17945\/revisions\/26197"}],"wp:featuredmedia":[{"embeddable":true,"href":"https:\/\/kandilistanbul.com\/tr\/wp-json\/wp\/v2\/media\/17595"}],"wp:attachment":[{"href":"https:\/\/kandilistanbul.com\/tr\/wp-json\/wp\/v2\/media?parent=17945"}],"wp:term":[{"taxonomy":"product_cat","embeddable":true,"href":"https:\/\/kandilistanbul.com\/tr\/wp-json\/wp\/v2\/product_cat?post=17945"},{"taxonomy":"product_tag","embeddable":true,"href":"https:\/\/kandilistanbul.com\/tr\/wp-json\/wp\/v2\/product_tag?post=17945"}],"curies":[{"name":"wp","href":"https:\/\/api.w.org\/{rel}","templated":true}]}}