{"id":17765,"date":"2021-09-13T11:30:54","date_gmt":"2021-09-13T08:30:54","guid":{"rendered":"https:\/\/kandilistanbul.com\/sss-2\/"},"modified":"2023-12-20T00:14:00","modified_gmt":"2023-12-19T21:14:00","slug":"sss","status":"publish","type":"page","link":"https:\/\/kandilistanbul.com\/tr\/sss\/","title":{"rendered":"SSS"},"content":{"rendered":"\t\t<div data-elementor-type=\"wp-page\" data-elementor-id=\"17765\" class=\"elementor elementor-17765 elementor-3682\">\n\t\t\t\t\t\t\t\t\t<section class=\"wd-negative-gap elementor-section elementor-top-section elementor-element elementor-element-819b11c elementor-section-boxed elementor-section-height-default elementor-section-height-default wd-section-disabled\" data-id=\"819b11c\" data-element_type=\"section\">\n\t\t\t\t\t\t<div class=\"elementor-container elementor-column-gap-default\">\n\t\t\t\t\t<div class=\"elementor-column elementor-col-50 elementor-top-column elementor-element elementor-element-25f5f860\" data-id=\"25f5f860\" data-element_type=\"column\">\n\t\t\t<div class=\"elementor-widget-wrap elementor-element-populated\">\n\t\t\t\t\t\t\t\t<div class=\"elementor-element elementor-element-dc586e5 elementor-widget elementor-widget-wd_title\" data-id=\"dc586e5\" data-element_type=\"widget\" data-widget_type=\"wd_title.default\">\n\t\t\t\t<div class=\"elementor-widget-container\">\n\t\t\t\t\t<div class=\"title-wrapper set-mb-s reset-last-child wd-title-color-default wd-title-style-default wd-title-size-default text-center\">\n\n\t\t\t\t\t\t\t<div class=\"title-subtitle subtitle-color-default subtitle-style-default wd-fontsize-xs\">\n\t\t\t\t\tBI\u0307LGI\u0307LENDI\u0307RME SORULARI\t\t\t\t<\/div>\n\t\t\t\n\t\t\t<div class=\"liner-continer\">\n\t\t\t\t<h4 class=\"woodmart-title-container title wd-fontsize-l\">SIK\u00c7A SORULAN SORULAR<\/h4> \n\t\t\t\t\t\t\t<\/div>\n\n\t\t\t\t\t<\/div>\n\t\t\t\t<\/div>\n\t\t\t\t<\/div>\n\t\t\t\t<div class=\"elementor-element elementor-element-30a1849 elementor-widget elementor-widget-wd_accordion\" data-id=\"30a1849\" data-element_type=\"widget\" data-widget_type=\"wd_accordion.default\">\n\t\t\t\t<div class=\"elementor-widget-container\">\n\t\t\t\n\t\t<div class=\"wd-accordion wd-style-default\" data-state=\"first\">\n\t\t\t\t\t\t\t\n\t\t\t\t<div class=\"wd-accordion-item\">\n\t\t\t\t\t<div class=\"wd-accordion-title wd-active text-left wd-opener-pos-left\" data-accordion-index=\"0\">\n\t\t\t\t\t\t<div class=\"wd-accordion-title-text\">\n\t\t\t\t\t\t\t\t\t\t\t\t\t\t<span>\n\t\t\t\t\t\t\t\t1)\tBiten mumumu tekrar doldurabilir miyim?\t\t\t\t\t\t\t<\/span>\n\t\t\t\t\t\t<\/div>\n\t\t\t\t\t\t<span class=\"wd-accordion-opener wd-opener-style-arrow\"><\/span>\n\t\t\t\t\t<\/div>\n\n\t\t\t\t\t<div class=\"wd-accordion-content reset-last-child wd-active\" data-accordion-index=\"0\">\n\t\t\t\t\t\t\t\t\t\t\t\t\t\n\t\t\t\t\t\t\tSize iyi bir haberimiz var. Kandil \u0130stanbul markas\u0131na ait kendi mum fabrikam\u0131z var. Yani evet, bo\u015f mumlar\u0131n\u0131z\u0131 yeniden doldurabiliriz... \u0130ster ba\u015fvuru formunu doldurup mumunuzu bize yollayabilir; isterseniz de Kandil \u0130stanbul \u00c7ukurcuma ma\u011fazas\u0131na getirebilirsiniz. Yeni\n\t\t\t\t\t\t\t\t\t\t\t\t\t\t\t\t\t\t<\/div>\n\t\t\t\t<\/div>\n\t\t\t\t\t\t\t\n\t\t\t\t<div class=\"wd-accordion-item\">\n\t\t\t\t\t<div class=\"wd-accordion-title text-left wd-opener-pos-left\" data-accordion-index=\"1\">\n\t\t\t\t\t\t<div class=\"wd-accordion-title-text\">\n\t\t\t\t\t\t\t\t\t\t\t\t\t\t<span>\n\t\t\t\t\t\t\t\t2)\tMumlar\u0131n\u0131z ne kadar s\u00fcre ile yanar?\t\t\t\t\t\t\t<\/span>\n\t\t\t\t\t\t<\/div>\n\t\t\t\t\t\t<span class=\"wd-accordion-opener wd-opener-style-arrow\"><\/span>\n\t\t\t\t\t<\/div>\n\n\t\t\t\t\t<div class=\"wd-accordion-content reset-last-child\" data-accordion-index=\"1\">\n\t\t\t\t\t\t\t\t\t\t\t\t\t\n\t\t\t\t\t\t\tKandil \u0130stanbul mumlar\u0131, kulland\u0131\u011f\u0131m\u0131z kaliteli malzemeler sayesinde uzun yanma s\u00fcreleriyle bilinir. Ancak yanma s\u00fcresi mumlar\u0131n\u0131z\u0131n boyutuna, fitillerin say\u0131s\u0131na ve kal\u0131nl\u0131\u011f\u0131na ba\u011fl\u0131d\u0131r. Mumunuzda ne kadar \u00e7ok fitil varsa, o kadar \u00e7ok alevi olur ve mumunuz da o kadar h\u0131zla yanar.\nOrtalama olarak 10 cm lik bir kaptaki mum yakla\u015f\u0131k 60 ila 80 saat aras\u0131 yanacakt\u0131r.\n\n\t\t\t\t\t\t\t\t\t\t\t\t\t\t\t\t\t\t<\/div>\n\t\t\t\t<\/div>\n\t\t\t\t\t\t\t\n\t\t\t\t<div class=\"wd-accordion-item\">\n\t\t\t\t\t<div class=\"wd-accordion-title text-left wd-opener-pos-left\" data-accordion-index=\"2\">\n\t\t\t\t\t\t<div class=\"wd-accordion-title-text\">\n\t\t\t\t\t\t\t\t\t\t\t\t\t\t<span>\n\t\t\t\t\t\t\t\t3)\tMumum yanarken \u00e7ok is \u00e7\u0131kart\u0131yor. Ne yapmal\u0131y\u0131m?\t\t\t\t\t\t\t<\/span>\n\t\t\t\t\t\t<\/div>\n\t\t\t\t\t\t<span class=\"wd-accordion-opener wd-opener-style-arrow\"><\/span>\n\t\t\t\t\t<\/div>\n\n\t\t\t\t\t<div class=\"wd-accordion-content reset-last-child\" data-accordion-index=\"2\">\n\t\t\t\t\t\t\t\t\t\t\t\t\t\n\t\t\t\t\t\t\t<p>Siyah duman\u0131n bir\u00e7ok olas\u0131 nedeni olabilir:<\/p><p>1_Fitiller \u00e7ok uzun olabilir.<br \/>Mum fitilleri uzunken de yan\u0131yor olsa bile fitillerinizi 0,5 cm'den daha uzun olmayacak \u015fekilde kesmenizi \u00f6neririz.<\/p><p>2_Mum \u00e7ok uzun s\u00fcredir yan\u0131yor olabilir.<br \/>Mumun y\u00fczeyi tamamen s\u0131v\u0131 hale geldikten en ge\u00e7 bir saat sonra s\u00f6nd\u00fcrmenizi \u00f6neririz. Y\u00fczey s\u0131v\u0131 hale geldi\u011finde, mumun i\u00e7i \u0131s\u0131n\u0131r ve \u00e7ok h\u0131zl\u0131 bir \u015fekilde buharla\u015fmaya ba\u015flar. Bu durumda mum dengesizle\u015fir ve alevin de d\u00fczensiz yanmas\u0131na neden olur. Alev ne kadar \u00e7ok hareket ederse, is yayma olas\u0131l\u0131\u011f\u0131 da o kadar artar.<\/p><p>3_Mum r\u00fczgar alt\u0131nda yan\u0131yor olabilir.<br \/>Bu, alevin hareket etmesine ve de is yaymas\u0131na neden olur. Bu durumda ya mumu \u00e7evirin ya da kapal\u0131 bir alana ta\u015f\u0131y\u0131n.<\/p><p>4_Mum kab\u0131n\u0131n i\u00e7 k\u0131sm\u0131 hi\u00e7 temizlenmemi\u015f olabilir.<br \/>Bu durumda, \u00f6nceki yakmalardan biriken ya\u011f munun i\u00e7ine d\u00fc\u015fer ve \u0131s\u0131n\u0131r. Bu kar\u0131\u015f\u0131m isi olu\u015fturur. Bu nedenle mum kab\u0131n\u0131z\u0131n i\u00e7 ve d\u0131\u015f y\u00fczeyini d\u00fczenli olarak bir bez ve alkols\u00fcz temizleyici ile temizlemeniz \u00f6nerilir (mumunuzu temizlemek i\u00e7in asla alkol bazl\u0131 bir \u00fcr\u00fcn kullanmay\u0131n).<\/p><p>5_Mumun yan\u0131yor oldu\u011fu alan al\u00e7ak olabilir.<br \/>T\u00fcm mumlar biraz is yayar. \u00d6rne\u011fin, 7 fitilli bir XL cam mum olduk\u00e7a b\u00fcy\u00fckt\u00fcr ve \u00e7\u0131kan duman\u0131n da\u011f\u0131labilmesi i\u00e7in hat\u0131r\u0131 say\u0131l\u0131r bir tavan y\u00fcksekli\u011fi gerekmektedir. Bu boyuttaki mumlar geni\u015f alanlar i\u00e7in tavsiye edilir.<\/p><p>6_Kullan\u0131lan fitil ortalaman\u0131n \u00fczerinde bir kal\u0131nl\u0131\u011fa sahip olabilir. <br \/>Her fitil ortalama bir kal\u0131nl\u0131\u011fa sahiptir, ancak yine de fitiller de\u011fi\u015fiklik g\u00f6sterebilen do\u011fal bir malzemedir. Bazen fitil biraz kal\u0131n gelebilir. Bu durumda l\u00fctfen bize yanan mumun foto\u011fraflar\u0131n\u0131 g\u00f6nderin, b\u00f6ylece size ne yapman\u0131z gerekti\u011fini \u00f6nerebiliriz.<\/p>\n\t\t\t\t\t\t\t\t\t\t\t\t\t\t\t\t\t\t<\/div>\n\t\t\t\t<\/div>\n\t\t\t\t\t\t\t\n\t\t\t\t<div class=\"wd-accordion-item\">\n\t\t\t\t\t<div class=\"wd-accordion-title text-left wd-opener-pos-left\" data-accordion-index=\"3\">\n\t\t\t\t\t\t<div class=\"wd-accordion-title-text\">\n\t\t\t\t\t\t\t\t\t\t\t\t\t\t<span>\n\t\t\t\t\t\t\t\t4)\tKokulu ve kokusuz mumlar aras\u0131ndaki farklar nelerdir?\t\t\t\t\t\t\t<\/span>\n\t\t\t\t\t\t<\/div>\n\t\t\t\t\t\t<span class=\"wd-accordion-opener wd-opener-style-arrow\"><\/span>\n\t\t\t\t\t<\/div>\n\n\t\t\t\t\t<div class=\"wd-accordion-content reset-last-child\" data-accordion-index=\"3\">\n\t\t\t\t\t\t\t\t\t\t\t\t\t\n\t\t\t\t\t\t\t<p>Kokulu mumlar, g\u00f6rsel efektler a\u00e7\u0131s\u0131ndan s\u0131radan veya kokusuz mumlardan farkl\u0131 de\u011fildir. Bu mumlar\u0131n en \u00f6nemli \u00f6zelli\u011fi mekanda \u0131\u015f\u0131k yarat\u0131rken yayd\u0131klar\u0131 ho\u015f kokudur.<br \/>Kokulu mumlar size duyular\u0131n\u0131z\u0131 kulland\u0131\u011f\u0131n\u0131z bir deneyim ya\u015fat\u0131r. \u0130lk, orta ve temel olmak \u00fczere \u00fc\u00e7 notadan olu\u015fan kokulu mumlar konusunda size \u015fu ipu\u00e7lar\u0131n\u0131 verebiliriz :<br \/>- Mum yak\u0131ld\u0131ktan hemen sonra hissedilen aroma, ilk notalar\u0131n sonucudur.<br \/>- Orta notalar kokulu mumlar\u0131n \u00e7ekirde\u011fi olarak tan\u0131mlanabilir.<br \/>- Ancak temel notalar genellikle daha bask\u0131nd\u0131r ve yava\u015f yava\u015f ortaya \u00e7\u0131kar.<\/p><p>Dekoratif ancak kokusuz mumlarda, ana odak noktas\u0131 yaln\u0131zca g\u00f6rsel g\u00fczelle\u015ftirme yaratmakt\u0131r. Bunlar, \u00f6rne\u011fin yemek masas\u0131ndaki dekoratif bir tepside veya k\u00fct\u00fcphanenin zemininde ve evin veya ofisin g\u00f6steri\u015fli olmas\u0131 gereken herhangi bir k\u00f6\u015fesinde aranjman\u0131 g\u00f6stermek i\u00e7in kullan\u0131l\u0131r.<\/p>\n\t\t\t\t\t\t\t\t\t\t\t\t\t\t\t\t\t\t<\/div>\n\t\t\t\t<\/div>\n\t\t\t\t\t\t\t\n\t\t\t\t<div class=\"wd-accordion-item\">\n\t\t\t\t\t<div class=\"wd-accordion-title text-left wd-opener-pos-left\" data-accordion-index=\"4\">\n\t\t\t\t\t\t<div class=\"wd-accordion-title-text\">\n\t\t\t\t\t\t\t\t\t\t\t\t\t\t<span>\n\t\t\t\t\t\t\t\t5)\tMumlar\u0131m\u0131 dekorasyonun i\u00e7ine nas\u0131l yerle\u015ftirebilirim?\t\t\t\t\t\t\t<\/span>\n\t\t\t\t\t\t<\/div>\n\t\t\t\t\t\t<span class=\"wd-accordion-opener wd-opener-style-arrow\"><\/span>\n\t\t\t\t\t<\/div>\n\n\t\t\t\t\t<div class=\"wd-accordion-content reset-last-child\" data-accordion-index=\"4\">\n\t\t\t\t\t\t\t\t\t\t\t\t\t\n\t\t\t\t\t\t\t<p>Rahat bir dekorasyon yaratmak istiyorsan\u0131z, dekoratif silindir mumlar harika bir se\u00e7enektir. G\u00fczel bir ortam olu\u015fturmak i\u00e7in bu 5 ad\u0131m\u0131 izleyin ve dekoratif mumlar\u0131 masaya en iyi \u015fekilde nas\u0131l yerle\u015ftirece\u011finizi \u00f6\u011frenin:<br \/>- Merkeze en b\u00fcy\u00fck mumu yerle\u015ftirerek i\u015fe ba\u015flay\u0131n.<br \/>- Etraf\u0131nda daha k\u0131sa ve uzun par\u00e7alar kullan\u0131p denge ve derinlik sa\u011flay\u0131n; ancak hi\u00e7bir \u015feyin birbirini engellemedi\u011finden ve t\u00fcm par\u00e7alar\u0131n birlikte uyumlu oldu\u011fundan emin olun.<\/p><p>- Sadece bir renk tonu da kullanabilirsiniz. Farkl\u0131 \u015fekil ve boyutlar sayesinde bu tek renk ile bir b\u00fct\u00fcnl\u00fck yaratabilirsiniz. Pirin\u00e7 t\u00fcm renklerle, \u00f6zellikle de l\u00fcks ve dramatik bir dokunu\u015f katan siyahla iyi uyum sa\u011flar.<br \/>- Dinamik bir g\u00f6r\u00fcn\u00fcm i\u00e7in malzemeleri ve y\u00fczeyleri kar\u0131\u015ft\u0131r\u0131n. \u00c7ok yak\u0131n olmamalar\u0131 i\u00e7in her mum aras\u0131nda 7 santimetre b\u0131rak\u0131n.<\/p><p>\u00a0<\/p>\n\t\t\t\t\t\t\t\t\t\t\t\t\t\t\t\t\t\t<\/div>\n\t\t\t\t<\/div>\n\t\t\t\t\t\t\t\n\t\t\t\t<div class=\"wd-accordion-item\">\n\t\t\t\t\t<div class=\"wd-accordion-title text-left wd-opener-pos-left\" data-accordion-index=\"5\">\n\t\t\t\t\t\t<div class=\"wd-accordion-title-text\">\n\t\t\t\t\t\t\t\t\t\t\t\t\t\t<span>\n\t\t\t\t\t\t\t\t6)\tMumlar\u0131n\u0131z hangi malzemeden yap\u0131l\u0131yor?\t\t\t\t\t\t\t<\/span>\n\t\t\t\t\t\t<\/div>\n\t\t\t\t\t\t<span class=\"wd-accordion-opener wd-opener-style-arrow\"><\/span>\n\t\t\t\t\t<\/div>\n\n\t\t\t\t\t<div class=\"wd-accordion-content reset-last-child\" data-accordion-index=\"5\">\n\t\t\t\t\t\t\t\t\t\t\t\t\t\n\t\t\t\t\t\t\t<p>Kandil \u0130stanbul olarak genelde saf parafine g\u00f6re daha sert bir yap\u0131ya sahip olan ve daha temiz yanan kar\u0131\u015f\u0131k soya mumunu (soya mumu ile parafinin birle\u015fimi) kullan\u0131yoruz.<br \/>Soyal\u0131 mumlar soya fasulyesi ya\u011f\u0131ndan yap\u0131l\u0131r ve \u00e7evresel a\u00e7\u0131dan do\u011fal ve biyolojik olarak par\u00e7alanabilir mumlar olarak kabul edilir. Soya mumu mumlar\u0131n\u0131n temiz ve uzun bir yanmaya sahip oldu\u011fu ve parafin mumlardan daha e\u015fit bir \u015fekilde yand\u0131\u011f\u0131 s\u00f6ylenir. Soya mumu tek ba\u015f\u0131na kolayca kokuland\u0131r\u0131lamaz ve parafin veya balmumu mumlara g\u00f6re daha pastel renkli olma e\u011filimindedir. Soya mumu i\u00e7eren mumlar kap tipleriyle s\u0131n\u0131rl\u0131d\u0131r \u00e7\u00fcnk\u00fc soya mumu parafinden yakla\u015f\u0131k 2 kat daha yumu\u015fakt\u0131r ve kal\u0131pl\u0131 \u015fekillerde \u00fcretilemezler.<\/p>\n\t\t\t\t\t\t\t\t\t\t\t\t\t\t\t\t\t\t<\/div>\n\t\t\t\t<\/div>\n\t\t\t\t\t\t\t\n\t\t\t\t<div class=\"wd-accordion-item\">\n\t\t\t\t\t<div class=\"wd-accordion-title text-left wd-opener-pos-left\" data-accordion-index=\"6\">\n\t\t\t\t\t\t<div class=\"wd-accordion-title-text\">\n\t\t\t\t\t\t\t\t\t\t\t\t\t\t<span>\n\t\t\t\t\t\t\t\t7)\t Mumum i\u00e7in do\u011fru fitili nas\u0131l se\u00e7ebilrim?\t\t\t\t\t\t\t<\/span>\n\t\t\t\t\t\t<\/div>\n\t\t\t\t\t\t<span class=\"wd-accordion-opener wd-opener-style-arrow\"><\/span>\n\t\t\t\t\t<\/div>\n\n\t\t\t\t\t<div class=\"wd-accordion-content reset-last-child\" data-accordion-index=\"6\">\n\t\t\t\t\t\t\t\t\t\t\t\t\t\n\t\t\t\t\t\t\t<p>Fitil t\u00fcr\u00fc de mum al\u0131rken dikkat etmeniz gereken \u00f6nemli bir konudur. Pamuk fitillerin tel fitillere k\u0131yasla daha e\u015fit ve yava\u015f yand\u0131\u011f\u0131 ve daha az duman \u00e7\u0131kard\u0131\u011f\u0131 g\u00f6r\u00fclmektedir. Tel fitiller, tel \u00e7ekirdekli fitillerdir. Tel fitillerin \u00e7ekirde\u011fi \u00e7inko veya kalaydan yap\u0131labilir. Ayr\u0131ca yanarken \u00e7at\u0131rdama sesi \u00e7\u0131karan ah\u015fap fitiller de yap\u0131yoruz. Mum fitiliniz yakmadan evvel k\u0131salt\u0131lmal\u0131d\u0131r, b\u00f6ylece duman \u00e7\u0131karmaz ve daha temiz yanar.<\/p>\n\t\t\t\t\t\t\t\t\t\t\t\t\t\t\t\t\t\t<\/div>\n\t\t\t\t<\/div>\n\t\t\t\t\t<\/div>\n\t\t\t\t<\/div>\n\t\t\t\t<\/div>\n\t\t\t\t\t<\/div>\n\t\t<\/div>\n\t\t\t\t<div class=\"elementor-column elementor-col-50 elementor-top-column elementor-element elementor-element-44e2c78c\" data-id=\"44e2c78c\" data-element_type=\"column\">\n\t\t\t<div class=\"elementor-widget-wrap elementor-element-populated\">\n\t\t\t\t\t\t\t\t<div class=\"elementor-element elementor-element-ef0d8c6 elementor-widget elementor-widget-wd_title\" data-id=\"ef0d8c6\" data-element_type=\"widget\" data-widget_type=\"wd_title.default\">\n\t\t\t\t<div class=\"elementor-widget-container\">\n\t\t\t\t\t<div class=\"title-wrapper set-mb-s reset-last-child wd-title-color-default wd-title-style-default wd-title-size-medium text-center\">\n\n\t\t\t\n\t\t\t<div class=\"liner-continer\">\n\t\t\t\t<h4 class=\"woodmart-title-container title wd-fontsize-xl\">Mum Galerimiz<\/h4> \n\t\t\t\t\t\t\t<\/div>\n\n\t\t\t\t\t<\/div>\n\t\t\t\t<\/div>\n\t\t\t\t<\/div>\n\t\t\t\t<div class=\"elementor-element elementor-element-800aff9 elementor-widget elementor-widget-wd_images_gallery\" data-id=\"800aff9\" data-element_type=\"widget\" data-widget_type=\"wd_images_gallery.default\">\n\t\t\t\t<div class=\"elementor-widget-container\">\n\t\t\t\t\t<div class=\"wd-images-gallery wd-justify-center wd-items-middle view-grid photoswipe-images\" >\n\t\t\t<div class=\"gallery-images row wd-spacing-10\">\n\t\t\t\t\t\t\t\t\t\t\t\t\t\t<div class=\"wd-gallery-item  col-lg-4 col-md-4 col-12\">\n\t\t\t\t\t\t\t\t\t\t\t\t\t<a  href=\"https:\/\/kandilistanbul.com\/wp-content\/uploads\/2023\/06\/home_candles_3.jpg\"data-width=\"650\" data-height=\"500\" data-index=\"1\" data-elementor-open-lightbox=\"no\">\n\t\t\t\t\t\t\n\t\t\t\t\t\t<img decoding=\"async\" src=\"https:\/\/kandilistanbul.com\/wp-content\/uploads\/2023\/06\/home_candles_3.jpg\"alt=\"home_candles_3\">\n\t\t\t\t\t\t\t\t\t\t\t\t\t<\/a>\n\t\t\t\t\t\t\t\t\t\t\t<\/div>\n\t\t\t\t\t\t\t\t\t\t\t\t\t\t\t<div class=\"wd-gallery-item  col-lg-4 col-md-4 col-12\">\n\t\t\t\t\t\t\t\t\t\t\t\t\t<a  href=\"https:\/\/kandilistanbul.com\/wp-content\/uploads\/2023\/06\/home_candles_2.jpg\"data-width=\"650\" data-height=\"500\" data-index=\"2\" data-elementor-open-lightbox=\"no\">\n\t\t\t\t\t\t\n\t\t\t\t\t\t<img decoding=\"async\" src=\"https:\/\/kandilistanbul.com\/wp-content\/uploads\/2023\/06\/home_candles_2.jpg\"alt=\"home_candles_2\">\n\t\t\t\t\t\t\t\t\t\t\t\t\t<\/a>\n\t\t\t\t\t\t\t\t\t\t\t<\/div>\n\t\t\t\t\t\t\t\t\t\t\t\t\t\t\t<div class=\"wd-gallery-item  col-lg-4 col-md-4 col-12\">\n\t\t\t\t\t\t\t\t\t\t\t\t\t<a  href=\"https:\/\/kandilistanbul.com\/wp-content\/uploads\/2023\/06\/04.jpg\"data-width=\"700\" data-height=\"590\" data-index=\"3\" data-elementor-open-lightbox=\"no\">\n\t\t\t\t\t\t\n\t\t\t\t\t\t<img decoding=\"async\" src=\"https:\/\/kandilistanbul.com\/wp-content\/uploads\/2023\/06\/04.jpg\"alt=\"04\">\n\t\t\t\t\t\t\t\t\t\t\t\t\t<\/a>\n\t\t\t\t\t\t\t\t\t\t\t<\/div>\n\t\t\t\t\t\t\t\t\t\t\t\t\t\t\t<div class=\"wd-gallery-item  col-lg-4 col-md-4 col-12\">\n\t\t\t\t\t\t\t\t\t\t\t\t\t<a  href=\"https:\/\/kandilistanbul.com\/wp-content\/uploads\/2023\/06\/home_candles.jpg\"data-width=\"700\" data-height=\"557\" data-index=\"4\" data-elementor-open-lightbox=\"no\">\n\t\t\t\t\t\t\n\t\t\t\t\t\t<img decoding=\"async\" src=\"https:\/\/kandilistanbul.com\/wp-content\/uploads\/2023\/06\/home_candles.jpg\"alt=\"home_candles\">\n\t\t\t\t\t\t\t\t\t\t\t\t\t<\/a>\n\t\t\t\t\t\t\t\t\t\t\t<\/div>\n\t\t\t\t\t\t\t\t\t\t\t\t\t\t\t<div class=\"wd-gallery-item  col-lg-4 col-md-4 col-12\">\n\t\t\t\t\t\t\t\t\t\t\t\t\t<a  href=\"https:\/\/kandilistanbul.com\/wp-content\/uploads\/2021\/09\/01.jpg\"data-width=\"840\" data-height=\"656\" data-index=\"5\" data-elementor-open-lightbox=\"no\">\n\t\t\t\t\t\t\n\t\t\t\t\t\t<img decoding=\"async\" src=\"https:\/\/kandilistanbul.com\/wp-content\/uploads\/2021\/09\/01.jpg\"alt=\"01\">\n\t\t\t\t\t\t\t\t\t\t\t\t\t<\/a>\n\t\t\t\t\t\t\t\t\t\t\t<\/div>\n\t\t\t\t\t\t\t\t<\/div>\n\t\t<\/div>\n\t\t\t\t<\/div>\n\t\t\t\t<\/div>\n\t\t\t\t\t<\/div>\n\t\t<\/div>\n\t\t\t\t\t\t\t<\/div>\n\t\t<\/section>\n\t\t\t\t\t\t\t<\/div>\n\t\t","protected":false},"excerpt":{"rendered":"<p>BI\u0307LGI\u0307LENDI\u0307RME SORULARI SIK\u00c7A SORULAN SORULAR 1) Biten mumumu tekrar doldurabilir miyim? Size iyi bir haberimiz var. Kandil \u0130stanbul markas\u0131na ait<\/p>\n","protected":false},"author":1,"featured_media":0,"parent":0,"menu_order":0,"comment_status":"closed","ping_status":"closed","template":"","meta":{"footnotes":""},"aioseo_notices":[],"_links":{"self":[{"href":"https:\/\/kandilistanbul.com\/tr\/wp-json\/wp\/v2\/pages\/17765"}],"collection":[{"href":"https:\/\/kandilistanbul.com\/tr\/wp-json\/wp\/v2\/pages"}],"about":[{"href":"https:\/\/kandilistanbul.com\/tr\/wp-json\/wp\/v2\/types\/page"}],"author":[{"embeddable":true,"href":"https:\/\/kandilistanbul.com\/tr\/wp-json\/wp\/v2\/users\/1"}],"replies":[{"embeddable":true,"href":"https:\/\/kandilistanbul.com\/tr\/wp-json\/wp\/v2\/comments?post=17765"}],"version-history":[{"count":2,"href":"https:\/\/kandilistanbul.com\/tr\/wp-json\/wp\/v2\/pages\/17765\/revisions"}],"predecessor-version":[{"id":21536,"href":"https:\/\/kandilistanbul.com\/tr\/wp-json\/wp\/v2\/pages\/17765\/revisions\/21536"}],"wp:attachment":[{"href":"https:\/\/kandilistanbul.com\/tr\/wp-json\/wp\/v2\/media?parent=17765"}],"curies":[{"name":"wp","href":"https:\/\/api.w.org\/{rel}","templated":true}]}}