{"id":17732,"date":"2023-06-17T06:12:16","date_gmt":"2023-06-17T03:12:16","guid":{"rendered":"https:\/\/kandilistanbul.com\/gizlilik-politikasi\/"},"modified":"2024-01-03T12:00:08","modified_gmt":"2024-01-03T09:00:08","slug":"gizlilik-politikasi","status":"publish","type":"page","link":"https:\/\/kandilistanbul.com\/tr\/gizlilik-politikasi\/","title":{"rendered":"Gizlilik Politikas\u0131"},"content":{"rendered":"<p><strong>Hangi bilgileri topluyoruz?<\/strong><br \/>\nSitemize kay\u0131t oldu\u011funuzda, sipari\u015f verdi\u011finizde veya b\u00fcltenimize abone oldu\u011funuzda sizden bilgi topluyoruz. Sitemizde sipari\u015f verirken veya kay\u0131t olurken, uygun oldu\u011fu \u015fekilde, ad\u0131n\u0131z\u0131, e-posta adresinizi, posta adresinizi, telefon numaran\u0131z\u0131 veya kredi kart\u0131 bilgilerinizi girmeniz istenebilir. Bununla birlikte, sitemizi anonim olarak ziyaret edebilirsiniz.<\/p>\n<p><strong>Bilgilerinizi ne i\u00e7in kullan\u0131yoruz?<\/strong><br \/>\nSizden toplad\u0131\u011f\u0131m\u0131z bilgilerden herhangi biri a\u015fa\u011f\u0131daki yollardan birinde kullan\u0131labilir:<br \/>\n&#8211; Deneyiminizi ki\u015fiselle\u015ftirmek i\u00e7in &#8211; Bilgileriniz, bireysel ihtiya\u00e7lar\u0131n\u0131za daha iyi yan\u0131t vermemize yard\u0131mc\u0131 olur.<br \/>\n&#8211; \u0130\u015flemleri ger\u00e7ekle\u015ftirmek i\u00e7in &#8211; Bilgileriniz, ister kamuya a\u00e7\u0131k ister \u00f6zel olsun, sat\u0131n al\u0131nan \u00fcr\u00fcn\u00fc veya talep edilen hizmeti teslim etme amac\u0131 d\u0131\u015f\u0131nda, izniniz olmadan herhangi bir nedenle ba\u015fka bir \u015firkete sat\u0131lmayacak, takas edilmeyecek, aktar\u0131lmayacak veya verilmeyecektir.<br \/>\n&#8211; Bir yar\u0131\u015fma, promosyon, anket veya di\u011fer site \u00f6zelliklerini y\u00f6netmek i\u00e7in<br \/>\n&#8211; Periyodik e-postalar g\u00f6ndermek i\u00e7in &#8211; Sipari\u015f i\u015fleme i\u00e7in verdi\u011finiz e-posta adresi, yaln\u0131zca sipari\u015finizle ilgili bilgi ve g\u00fcncellemeleri size g\u00f6ndermek i\u00e7in kullan\u0131lacakt\u0131r.<br \/>\nNot: Herhangi bir zamanda gelecekteki e-postalar\u0131 almaktan vazge\u00e7mek isterseniz, her e-postan\u0131n alt\u0131na ayr\u0131nt\u0131l\u0131 abonelikten \u00e7\u0131kma talimatlar\u0131 ekleriz.<\/p>\n<p><strong>Bilgilerinizi nas\u0131l koruyoruz?<\/strong><br \/>\nBir sipari\u015f verdi\u011finizde ki\u015fisel bilgilerinizin g\u00fcvenli\u011fini korumak i\u00e7in \u00e7e\u015fitli g\u00fcvenlik \u00f6nlemleri uyguluyoruz. G\u00fcvenli bir sunucu kullan\u0131m\u0131 sunuyoruz. Sa\u011flanan t\u00fcm hassas\/kredi bilgileri Secure Socket Layer (SSL) teknolojisi arac\u0131l\u0131\u011f\u0131yla iletilir ve ard\u0131ndan \u00d6deme a\u011f ge\u00e7idi sa\u011flay\u0131c\u0131lar\u0131m\u0131z\u0131n veritaban\u0131na \u015fifrelenerek yaln\u0131zca bu t\u00fcr sistemlere \u00f6zel eri\u015fim haklar\u0131 olan ve bilgileri gizli tutmalar\u0131 gereken yetkililer taraf\u0131ndan eri\u015filebilir hale getirilir. Bir i\u015flemden sonra \u00f6zel bilgileriniz (kredi kartlar\u0131, sosyal g\u00fcvenlik numaralar\u0131, mali bilgiler vb.) sunucular\u0131m\u0131zda saklanmayacakt\u0131r.<\/p>\n<p><strong>\u00c7erez kullan\u0131yor muyuz? <\/strong><br \/>\nEvet. \u00c7erezler, bir sitenin veya hizmet sa\u011flay\u0131c\u0131s\u0131n\u0131n Web taray\u0131c\u0131n\u0131z arac\u0131l\u0131\u011f\u0131yla (izin verirseniz) bilgisayar\u0131n\u0131z\u0131n sabit diskine aktard\u0131\u011f\u0131 ve sitelerin veya hizmet sa\u011flay\u0131c\u0131lar\u0131n\u0131n sistemlerinin taray\u0131c\u0131n\u0131z\u0131 tan\u0131mas\u0131n\u0131 ve belirli bilgileri yakalay\u0131p hat\u0131rlamas\u0131n\u0131 sa\u011flayan k\u00fc\u00e7\u00fck dosyalard\u0131r. \u00c7erezleri, al\u0131\u015fveri\u015f sepetinizdeki \u00fcr\u00fcnleri hat\u0131rlamam\u0131za ve i\u015flememize, gelecekteki ziyaretleriniz i\u00e7in tercihlerinizi anlamam\u0131za ve kaydetmemize ve gelecekte daha iyi site deneyimleri ve ara\u00e7lar\u0131 sunabilmemiz i\u00e7in site trafi\u011fi ve site etkile\u015fimi hakk\u0131nda toplu veriler derlememize yard\u0131mc\u0131 olmak i\u00e7in kullan\u0131r\u0131z.<\/p>\n<p><strong>D\u0131\u015f taraflara herhangi bir bilgi if\u015fa ediyor muyuz? <\/strong><br \/>\nKi\u015fisel olarak tan\u0131mlanabilir bilgilerinizi satm\u0131yor, takas etmiyor veya ba\u015fka bir \u015fekilde d\u0131\u015f taraflara aktarm\u0131yoruz. Bu, web sitemizi i\u015fletmemize, i\u015fimizi y\u00fcr\u00fctmemize veya size hizmet etmemize yard\u0131mc\u0131 olan g\u00fcvenilir \u00fc\u00e7\u00fcnc\u00fc taraflar\u0131 i\u00e7ermez, bu taraflar bu bilgileri gizli tutmay\u0131 kabul ettikleri s\u00fcrece. Ayr\u0131ca, yasalara uymak, site politikalar\u0131m\u0131z\u0131 uygulamak veya kendimizin veya ba\u015fkalar\u0131n\u0131n haklar\u0131n\u0131, m\u00fclkiyetini veya g\u00fcvenli\u011fini korumak i\u00e7in yay\u0131nlaman\u0131n uygun oldu\u011funa inand\u0131\u011f\u0131m\u0131zda bilgilerinizi yay\u0131nlayabiliriz. Ancak, ki\u015fisel olarak tan\u0131mlanamayan ziyaret\u00e7i bilgileri pazarlama, reklam veya di\u011fer kullan\u0131mlar i\u00e7in di\u011fer taraflara sa\u011flanabilir.<\/p>\n<p><strong>\u00dc\u00e7\u00fcnc\u00fc taraf ba\u011flant\u0131lar\u0131 <\/strong><br \/>\nZaman zaman, kendi takdirimize ba\u011fl\u0131 olarak, web sitemize \u00fc\u00e7\u00fcnc\u00fc taraf \u00fcr\u00fcnleri veya hizmetleri dahil edebilir veya sunabiliriz. Bu \u00fc\u00e7\u00fcnc\u00fc taraf sitelerin ayr\u0131 ve ba\u011f\u0131ms\u0131z gizlilik politikalar\u0131 vard\u0131r. Bu nedenle, bu ba\u011flant\u0131l\u0131 sitelerin i\u00e7eri\u011fi ve faaliyetleri konusunda hi\u00e7bir sorumlulu\u011fumuz veya y\u00fck\u00fcml\u00fcl\u00fc\u011f\u00fcm\u00fcz bulunmamaktad\u0131r. Bununla birlikte, sitemizin b\u00fct\u00fcnl\u00fc\u011f\u00fcn\u00fc korumaya \u00e7al\u0131\u015f\u0131yor ve bu sitelerle ilgili her t\u00fcrl\u00fc geri bildirimi memnuniyetle kar\u015f\u0131l\u0131yoruz.<\/p>\n<p><strong>Yaln\u0131zca \u00c7evrimi\u00e7i Gizlilik Politikas\u0131 <\/strong><br \/>\nBu \u00e7evrimi\u00e7i gizlilik politikas\u0131 yaln\u0131zca web sitemiz arac\u0131l\u0131\u011f\u0131yla toplanan bilgiler i\u00e7in ge\u00e7erlidir ve \u00e7evrimd\u0131\u015f\u0131 toplanan bilgiler i\u00e7in ge\u00e7erli de\u011fildir.<\/p>\n<p><strong>\u015eartlar ve Ko\u015fullar <\/strong><br \/>\nL\u00fctfen ayr\u0131ca www.kandilistanbul.com adresindeki web sitemizin kullan\u0131m\u0131n\u0131, feragatnameleri ve sorumluluk s\u0131n\u0131rlamalar\u0131n\u0131 belirleyen \u015eartlar ve Ko\u015fullar b\u00f6l\u00fcm\u00fcm\u00fcz\u00fc ziyaret edin.<\/p>\n<p><strong>Sizin Onay\u0131n\u0131z <\/strong><br \/>\nSitemizi kullanarak, web sitemizin gizlilik politikas\u0131n\u0131 kabul etmi\u015f olursunuz.<\/p>\n<p><strong>Gizlilik Politikam\u0131zdaki De\u011fi\u015fiklikler <\/strong><br \/>\nGizlilik politikam\u0131z\u0131 de\u011fi\u015ftirmeye karar verirsek, bu de\u011fi\u015fiklikleri bu sayfada yay\u0131nlayaca\u011f\u0131z. Bu politika en son 01\/07\/2023 tarihinde de\u011fi\u015ftirilmi\u015ftir<\/p>\n<p><strong>Bize Ula\u015f\u0131n <\/strong><br \/>\nBu gizlilik politikas\u0131 ile ilgili herhangi bir sorunuz varsa, a\u015fa\u011f\u0131daki bilgileri kullanarak bizimle ileti\u015fime ge\u00e7ebilirsiniz.<br \/>\nKandil \u0130stanbul<br \/>\nFiruza\u011fa Mahallesi \u00c7ukurcuma Caddesi No 34B<br \/>\nBeyo\u011flu, \u0130stanbul T\u00dcRK\u0130YE<br \/>\n<a href=\"mailto:info@kandilistanbul.com\" target=\"_blank\" rel=\"noopener\">info@kandilistanbul.com <\/a><\/p>\n","protected":false},"excerpt":{"rendered":"<p>Hangi bilgileri topluyoruz? Sitemize kay\u0131t oldu\u011funuzda, sipari\u015f verdi\u011finizde veya b\u00fcltenimize abone oldu\u011funuzda sizden bilgi topluyoruz. Sitemizde sipari\u015f verirken veya kay\u0131t<\/p>\n","protected":false},"author":1,"featured_media":0,"parent":0,"menu_order":0,"comment_status":"closed","ping_status":"closed","template":"","meta":{"footnotes":""},"aioseo_notices":[],"_links":{"self":[{"href":"https:\/\/kandilistanbul.com\/tr\/wp-json\/wp\/v2\/pages\/17732"}],"collection":[{"href":"https:\/\/kandilistanbul.com\/tr\/wp-json\/wp\/v2\/pages"}],"about":[{"href":"https:\/\/kandilistanbul.com\/tr\/wp-json\/wp\/v2\/types\/page"}],"author":[{"embeddable":true,"href":"https:\/\/kandilistanbul.com\/tr\/wp-json\/wp\/v2\/users\/1"}],"replies":[{"embeddable":true,"href":"https:\/\/kandilistanbul.com\/tr\/wp-json\/wp\/v2\/comments?post=17732"}],"version-history":[{"count":1,"href":"https:\/\/kandilistanbul.com\/tr\/wp-json\/wp\/v2\/pages\/17732\/revisions"}],"predecessor-version":[{"id":27782,"href":"https:\/\/kandilistanbul.com\/tr\/wp-json\/wp\/v2\/pages\/17732\/revisions\/27782"}],"wp:attachment":[{"href":"https:\/\/kandilistanbul.com\/tr\/wp-json\/wp\/v2\/media?parent=17732"}],"curies":[{"name":"wp","href":"https:\/\/api.w.org\/{rel}","templated":true}]}}