{"id":17719,"date":"2023-06-17T06:08:31","date_gmt":"2023-06-17T03:08:31","guid":{"rendered":"https:\/\/kandilistanbul.com\/iade-ve-urun-degisim-kosullari\/"},"modified":"2023-12-20T11:03:17","modified_gmt":"2023-12-20T08:03:17","slug":"iade-ve-urun-degisim-kosullari","status":"publish","type":"page","link":"https:\/\/kandilistanbul.com\/tr\/iade-ve-urun-degisim-kosullari\/","title":{"rendered":"\u0130ade ve \u00dcr\u00fcn De\u011fi\u015fim Ko\u015fullar\u0131"},"content":{"rendered":"<p><strong>\u0130ade &amp; De\u011fi\u015fim Ko\u015fullar\u0131<br \/>\n<\/strong>Kandil \u0130stanbul ma\u011fazas\u0131ndan sat\u0131n ald\u0131\u011f\u0131n\u0131z \u00fcr\u00fcnleri sat\u0131n alma tarihinden itibaren 30 g\u00fcn (1 ay) i\u00e7erisinde iade edebilirsiniz. Kandil \u0130stanbul Online Shop&#8217;tan sat\u0131n al\u0131nan \u00fcr\u00fcnler Kandil \u0130stanbul ma\u011fazas\u0131nda de\u011fi\u015ftirilebilir.<\/p>\n<p>Kullan\u0131lm\u0131\u015f, orijinal ambalaj\u0131 hasar g\u00f6rm\u00fc\u015f veya tamamen yeniden sat\u0131labilir durumda olmayan \u00fcr\u00fcnler iade i\u00e7in kabul edilmeyecektir. \u0130ade talebinde bulunabilmek i\u00e7in \u00fcr\u00fcn(ler)inize ait orijinal faturay\u0131 ve kopyalar\u0131n\u0131 ibraz etmeniz gerekmektedir. Faturas\u0131 olmayan \u00fcr\u00fcnlerin iadesi kabul edilmeyecektir.<\/p>\n<p><strong>\u0130ade Adresi:<br \/>\n<\/strong>Kandil \u0130stanbul ma\u011fazas\u0131<br \/>\nFiruza\u011fa Mahallesi \u00c7ukurcuma Caddesi No34B<br \/>\nBeyo\u011flu, \u0130stanbul<\/p>\n<p>Sat\u0131n ald\u0131\u011f\u0131n\u0131z \u00fcr\u00fcne ait teslimat fi\u015fi, bas\u0131l\u0131 fatura veya de\u011fi\u015fim kart\u0131 ibraz edilmedi\u011fi s\u00fcrece iade yap\u0131lamaz. \u00dcr\u00fcnler kullan\u0131lmam\u0131\u015f, orijinal paketleri ve etiketleri ile ve teslim edildikleri durumda, t\u00fcm aksesuarlar\u0131 ve bile\u015fenleri bozulmam\u0131\u015f olarak iade edilmelidir.<\/p>\n<p>\u0130ade edilen \u00fcr\u00fcnler, yetkili personel taraf\u0131ndan yanl\u0131\u015f kullan\u0131mdan kaynaklanan deformasyonlar veya hasarlar a\u00e7\u0131s\u0131ndan incelenecektir. \u00dcr\u00fcnler onaylan\u0131rsa, para iadeniz ma\u011faza kredisi olarak d\u00fczenlenecektir. \u0130adeniz onayland\u0131\u011f\u0131nda bir e-posta onay\u0131 alacaks\u0131n\u0131z. \u0130ncelemenin ard\u0131ndan iadeniz onaylanmazsa, nedeni size bildirilecek ve iade i\u00e7in g\u00f6nderdi\u011finiz \u00fcr\u00fcn(ler) g\u00f6nderim adresinize geri teslim edilecektir.<\/p>\n","protected":false},"excerpt":{"rendered":"<p>\u0130ade &amp; De\u011fi\u015fim Ko\u015fullar\u0131 Kandil \u0130stanbul ma\u011fazas\u0131ndan sat\u0131n ald\u0131\u011f\u0131n\u0131z \u00fcr\u00fcnleri sat\u0131n alma tarihinden itibaren 30 g\u00fcn (1 ay) i\u00e7erisinde iade<\/p>\n","protected":false},"author":1,"featured_media":0,"parent":0,"menu_order":0,"comment_status":"closed","ping_status":"closed","template":"","meta":{"footnotes":""},"aioseo_notices":[],"_links":{"self":[{"href":"https:\/\/kandilistanbul.com\/tr\/wp-json\/wp\/v2\/pages\/17719"}],"collection":[{"href":"https:\/\/kandilistanbul.com\/tr\/wp-json\/wp\/v2\/pages"}],"about":[{"href":"https:\/\/kandilistanbul.com\/tr\/wp-json\/wp\/v2\/types\/page"}],"author":[{"embeddable":true,"href":"https:\/\/kandilistanbul.com\/tr\/wp-json\/wp\/v2\/users\/1"}],"replies":[{"embeddable":true,"href":"https:\/\/kandilistanbul.com\/tr\/wp-json\/wp\/v2\/comments?post=17719"}],"version-history":[{"count":1,"href":"https:\/\/kandilistanbul.com\/tr\/wp-json\/wp\/v2\/pages\/17719\/revisions"}],"predecessor-version":[{"id":21552,"href":"https:\/\/kandilistanbul.com\/tr\/wp-json\/wp\/v2\/pages\/17719\/revisions\/21552"}],"wp:attachment":[{"href":"https:\/\/kandilistanbul.com\/tr\/wp-json\/wp\/v2\/media?parent=17719"}],"curies":[{"name":"wp","href":"https:\/\/api.w.org\/{rel}","templated":true}]}}